{"id":37,"date":"2024-03-17T18:24:48","date_gmt":"2024-03-17T17:24:48","guid":{"rendered":"https:\/\/www.stoffstrom.org\/natuerlicher-klimaschutz\/?page_id=37"},"modified":"2026-02-23T12:18:10","modified_gmt":"2026-02-23T11:18:10","slug":"wettbewerb","status":"publish","type":"page","link":"https:\/\/www.stoffstrom.org\/natuerlicher-klimaschutz\/wettbewerb\/","title":{"rendered":"Wettbewerb 2026"},"content":{"rendered":"\n<p>Wir freuen uns, auch in diesem Jahr gemeinsam mit der <strong>Globus-Stiftung<\/strong> und der <strong>Peter und Luise Hager-Stiftung<\/strong> einen Wettbewerb im Rahmen des Projekts \u201eNat\u00fcrlicher Klimaschutz im Saarland und in Rheinland-Pfalz\u201c auszurichten.<\/p>\n\n\n\n<p>Der Wettbewerb ist Teil der dritten Umsetzungsphase des Projekts und wird erneut Impulse f\u00fcr praxistaugliche und \u00fcbertragbare Ma\u00dfnahmen im Bereich des nat\u00fcrlichen Klimaschutzes setzen.<\/p>\n\n\n\n<p>Detaillierte Informationen zu Teilnahmebedingungen, Fristen und inhaltlichen Schwerpunkten werden im Juni zur Verf\u00fcgung gestellt.<\/p>\n\n\n\n<h1 class=\"wp-block-heading\" style=\"font-size:32px\"><strong>Wettbewerb 2025<\/strong><\/h1>\n\n\n\n<p><em>Mit dem Wettbewerb \u201eNat\u00fcrlicher Klimaschutz im Saarland und in Rheinland-Pfalz\u201c waren Vereine, Schulen, Kommunen und weitere Interessierte aufgerufen, konkrete Ideen f\u00fcr mehr nat\u00fcrlichen Klimaschutz einzureichen. Nun hat die Jury des Projekts die sechs Gewinner ausgew\u00e4hlt. Drei Kommunen, eine Schule und zwei Vereine erhalten in den kommenden Monaten ein intensives Coaching durch das Institut f\u00fcr angewandtes Stoffstrommanagement (IfaS) sowie finanzielle Unterst\u00fctzung f\u00fcr die Umsetzung ihrer Ma\u00dfnahmen.<\/em><\/p>\n\n\n\n<p>Der Wettbewerb ist Bestandteil des Projekts \u201eNat\u00fcrlicher Klimaschutz im Saarland und in Rheinland-Pfalz\u201c, das 2024 durch die <strong>Globus-Stiftung<\/strong>, die <strong>Peter und<\/strong> <strong>Luise Hager-Stiftung<\/strong> sowie das IfaS initiiert wurde und nun in seine zweite Umsetzungsphase startet. Ziel des Projekts ist es, praxistaugliche Ma\u00dfnahmen zu entwickeln, die als Modellprojekte sichtbar und \u00fcbertragbar werden. Neben dem Coaching erhalten die Gewinner jeweils ein Preisgeld in H\u00f6he von 2.500 Euro f\u00fcr die Umsetzung erster Ma\u00dfnahmen.<\/p>\n\n\n\n<p><strong>Die Gewinnerprojekte im \u00dcberblick<\/strong><\/p>\n\n\n\n<p><strong>Rheinland-Pfalz:<\/strong><\/p>\n\n\n\n<ul class=\"wp-block-list\">\n<li><strong>Gemeinde Feusdorf<\/strong>: Ma\u00dfnahmen zur Entsiegelung, innovatives Wassermanagement und eine st\u00e4rkere Beteiligung der B\u00fcrgerschaft. Das Coaching unterst\u00fctzt bei der Priorisierung und Konkretisierung der Schritte.<\/li>\n\n\n\n<li><strong>Interessensgemeinschaft \u201eKinder und Verantwortung\u201c Thalfang<\/strong>: Verbindung von Garten- und Ackerbau, Biotopgestaltung (u. a. Bienenwiesen, Eidechsenh\u00fcgel) sowie Umweltbildung und sozialem Zusammenhalt.<\/li>\n\n\n\n<li><strong>Grundschule Friedrichstra\u00dfe Wittlich<\/strong>: Weiterentwicklung bestehender Aktivit\u00e4ten wie Waldklassenzimmer und Schulacker hin zu einer Klimaschutzschule; zus\u00e4tzlich Beratung zur Schulhofumgestaltung und zur p\u00e4dagogischen Einbindung der Sch\u00fclerinnen und Sch\u00fcler.<\/li>\n<\/ul>\n\n\n\n<p><strong>Saarland:<\/strong><\/p>\n\n\n\n<ul class=\"wp-block-list\">\n<li><strong>Landkreis Neunkirchen<\/strong>: Entwicklung eines Konzeptes f\u00fcr klimawandelangepasste Schulh\u00f6fe mit dem Ziel, dauerhaft \u00fcbertragbare Standards zu schaffen.<\/li>\n\n\n\n<li><strong>Gemeinde Spiesen-Elversberg<\/strong>: Ausbau des Hitzeschutzes durch verst\u00e4rkte Begr\u00fcnung \u00f6ffentlicher Pl\u00e4tze sowie flankierende Ma\u00dfnahmen der \u00d6ffentlichkeitsarbeit.<\/li>\n\n\n\n<li><strong>Stadtbauernhof Saarbr\u00fccken e. V.<\/strong>: Unterst\u00fctzung bei der Entsiegelung weiterer Fl\u00e4chen sowie der Einrichtung eines \u201eFood Forest\u201c (B\u00e4ume und Str\u00e4ucher mit essbaren Produkten, z.B. Knospen, Bl\u00e4tter, Bl\u00fcten, N\u00fcsse), der Biodiversit\u00e4t st\u00e4rkt, CO\u2082 bindet und das Mikroklima verbessert.<\/li>\n<\/ul>\n\n\n\n<p>Die ausgezeichneten Projekte zeigen, wie vielf\u00e4ltig und praxisnah nat\u00fcrlicher Klimaschutz gestaltet werden kann. Sie tragen nicht nur zur Abmilderung der Klimawandelfolgen bei, sondern erh\u00f6hen auch die Lebensqualit\u00e4t in ihren Gemeinden und St\u00e4dten.<\/p>\n\n\n\n<p>Bis Anfang Februar werden die ersten Vor-Ort-Termine mit den jeweiligen Gewinnern durchgef\u00fchrt, bei denen die Projektideen vertieft, die Coachinginhalte konkretisiert und die n\u00e4chsten Schritte sowie Arbeitstreffen gemeinsam geplant werden.<\/p>\n\n\n\n<p>Anschlie\u00dfend begleitet das IfaS die Projektteams bis zu den Sommerferien in einer Umsetzungsphase, in der die Entwicklungen der Projekte kontinuierlich begleitet werden.<\/p>\n\n\n\n<p><strong>Weiterf\u00fchrende Informationen:<\/strong><\/p>\n\n\n\n<ul class=\"wp-block-list\">\n<li> Zusammenfassende Vorstellung des Wettbewerbs und des Coachings 2025 \u2013 <a href=\"https:\/\/www.stoffstrom.org\/natuerlicher-klimaschutz\/wp-content\/uploads\/2025\/06\/Natuerlicher-Klimaschutz_Erlaeuterungen-Wettbewerb-2025.pdf\">jetzt HIER herunterladen<\/a><\/li>\n<\/ul>\n\n\n\n<p>F\u00fcr R\u00fcckfragen steht Ihnen Herr Michael M\u00fcller per E-Mail (<a href=\"mailto:m.mueller@umwelt-campus.de\">m.mueller@umwelt-campus.de<\/a>) gerne zur Verf\u00fcgung.<\/p>\n\n\n\n<hr class=\"wp-block-separator has-alpha-channel-opacity\"\/>\n\n\n\n<p><strong>Archiv<\/strong><\/p>\n\n\n\n<p><a href=\"https:\/\/www.stoffstrom.org\/natuerlicher-klimaschutz\/wettbewerb-2024\/\">Wettbewerb 2024<\/a><\/p>\n\n\n\n<p><\/p>\n","protected":false},"excerpt":{"rendered":"<p>Wir freuen uns, auch in diesem Jahr gemeinsam mit der Globus-Stiftung und der Peter und Luise Hager-Stiftung einen Wettbewerb im [&hellip;]<\/p>\n","protected":false},"author":1,"featured_media":0,"parent":0,"menu_order":0,"comment_status":"closed","ping_status":"closed","template":"","meta":{"_uag_custom_page_level_css":"","site-sidebar-layout":"default","site-content-layout":"","ast-site-content-layout":"default","site-content-style":"default","site-sidebar-style":"default","ast-global-header-display":"","ast-banner-title-visibility":"","ast-main-header-display":"","ast-hfb-above-header-display":"","ast-hfb-below-header-display":"","ast-hfb-mobile-header-display":"","site-post-title":"","ast-breadcrumbs-content":"","ast-featured-img":"","footer-sml-layout":"","ast-disable-related-posts":"","theme-transparent-header-meta":"","adv-header-id-meta":"","stick-header-meta":"","header-above-stick-meta":"","header-main-stick-meta":"","header-below-stick-meta":"","astra-migrate-meta-layouts":"default","ast-page-background-enabled":"default","ast-page-background-meta":{"desktop":{"background-color":"var(--ast-global-color-4)","background-image":"","background-repeat":"repeat","background-position":"center center","background-size":"auto","background-attachment":"scroll","background-type":"","background-media":"","overlay-type":"","overlay-color":"","overlay-opacity":"","overlay-gradient":""},"tablet":{"background-color":"","background-image":"","background-repeat":"repeat","background-position":"center center","background-size":"auto","background-attachment":"scroll","background-type":"","background-media":"","overlay-type":"","overlay-color":"","overlay-opacity":"","overlay-gradient":""},"mobile":{"background-color":"","background-image":"","background-repeat":"repeat","background-position":"center center","background-size":"auto","background-attachment":"scroll","background-type":"","background-media":"","overlay-type":"","overlay-color":"","overlay-opacity":"","overlay-gradient":""}},"ast-content-background-meta":{"desktop":{"background-color":"var(--ast-global-color-5)","background-image":"","background-repeat":"repeat","background-position":"center center","background-size":"auto","background-attachment":"scroll","background-type":"","background-media":"","overlay-type":"","overlay-color":"","overlay-opacity":"","overlay-gradient":""},"tablet":{"background-color":"var(--ast-global-color-5)","background-image":"","background-repeat":"repeat","background-position":"center center","background-size":"auto","background-attachment":"scroll","background-type":"","background-media":"","overlay-type":"","overlay-color":"","overlay-opacity":"","overlay-gradient":""},"mobile":{"background-color":"var(--ast-global-color-5)","background-image":"","background-repeat":"repeat","background-position":"center center","background-size":"auto","background-attachment":"scroll","background-type":"","background-media":"","overlay-type":"","overlay-color":"","overlay-opacity":"","overlay-gradient":""}},"footnotes":""},"class_list":["post-37","page","type-page","status-publish","hentry"],"uagb_featured_image_src":{"full":false,"thumbnail":false,"medium":false,"medium_large":false,"large":false,"1536x1536":false,"2048x2048":false,"gform-image-choice-sm":false,"gform-image-choice-md":false,"gform-image-choice-lg":false},"uagb_author_info":{"display_name":"c.schoenemann","author_link":"https:\/\/www.stoffstrom.org\/natuerlicher-klimaschutz\/author\/c-schoenemann\/"},"uagb_comment_info":0,"uagb_excerpt":"Wir freuen uns, auch in diesem Jahr gemeinsam mit der Globus-Stiftung und der Peter und Luise Hager-Stiftung einen Wettbewerb im [&hellip;]","_links":{"self":[{"href":"https:\/\/www.stoffstrom.org\/natuerlicher-klimaschutz\/wp-json\/wp\/v2\/pages\/37","targetHints":{"allow":["GET"]}}],"collection":[{"href":"https:\/\/www.stoffstrom.org\/natuerlicher-klimaschutz\/wp-json\/wp\/v2\/pages"}],"about":[{"href":"https:\/\/www.stoffstrom.org\/natuerlicher-klimaschutz\/wp-json\/wp\/v2\/types\/page"}],"author":[{"embeddable":true,"href":"https:\/\/www.stoffstrom.org\/natuerlicher-klimaschutz\/wp-json\/wp\/v2\/users\/1"}],"replies":[{"embeddable":true,"href":"https:\/\/www.stoffstrom.org\/natuerlicher-klimaschutz\/wp-json\/wp\/v2\/comments?post=37"}],"version-history":[{"count":28,"href":"https:\/\/www.stoffstrom.org\/natuerlicher-klimaschutz\/wp-json\/wp\/v2\/pages\/37\/revisions"}],"predecessor-version":[{"id":499,"href":"https:\/\/www.stoffstrom.org\/natuerlicher-klimaschutz\/wp-json\/wp\/v2\/pages\/37\/revisions\/499"}],"wp:attachment":[{"href":"https:\/\/www.stoffstrom.org\/natuerlicher-klimaschutz\/wp-json\/wp\/v2\/media?parent=37"}],"curies":[{"name":"wp","href":"https:\/\/api.w.org\/{rel}","templated":true}]}}