{"id":39,"date":"2024-03-17T18:26:23","date_gmt":"2024-03-17T17:26:23","guid":{"rendered":"https:\/\/www.stoffstrom.org\/natuerlicher-klimaschutz\/?page_id=39"},"modified":"2025-11-27T10:42:30","modified_gmt":"2025-11-27T09:42:30","slug":"foerderungen","status":"publish","type":"page","link":"https:\/\/www.stoffstrom.org\/natuerlicher-klimaschutz\/foerderungen\/","title":{"rendered":"F\u00f6rderm\u00f6glichkeiten"},"content":{"rendered":"\n<p>Die aktuellen F\u00f6rderm\u00f6glichkeiten k\u00f6nnen stets eingesehen werden auf der <a href=\"https:\/\/www.kompetenzzentrum-nk.de\/foerderung\" target=\"_blank\" rel=\"noreferrer noopener\">Webseite des Kompetenzzentrums Nat\u00fcrlicher Klimaschutz<\/a>. Hinzu kommt noch die F\u00f6rderm\u00f6glichkeit der KfW \u201eNat\u00fcrlicher Klimaschutz in Kommune \u2013 Zuschuss Nr. 444\u201c; Informationen hierzu k\u00f6nnen <a href=\"https:\/\/www.kfw.de\/inlandsfoerderung\/%C3%96ffentliche-Einrichtungen\/St%C3%A4dte-und-Gemeinden-gestalten\/F%C3%B6rderprodukte\/Nat%C3%BCrlicher-Klimaschutz-in-Kommunen-(444)\/?redirect=768768\" target=\"_blank\" rel=\"noreferrer noopener\">HIER<\/a> eingesehen werden.<\/p>\n\n\n\n<p><\/p>\n","protected":false},"excerpt":{"rendered":"<p>Die aktuellen F\u00f6rderm\u00f6glichkeiten k\u00f6nnen stets eingesehen werden auf der Webseite des Kompetenzzentrums Nat\u00fcrlicher Klimaschutz. Hinzu kommt noch die F\u00f6rderm\u00f6glichkeit der [&hellip;]<\/p>\n","protected":false},"author":1,"featured_media":0,"parent":0,"menu_order":0,"comment_status":"closed","ping_status":"closed","template":"","meta":{"_uag_custom_page_level_css":"","site-sidebar-layout":"default","site-content-layout":"","ast-site-content-layout":"default","site-content-style":"default","site-sidebar-style":"default","ast-global-header-display":"","ast-banner-title-visibility":"","ast-main-header-display":"","ast-hfb-above-header-display":"","ast-hfb-below-header-display":"","ast-hfb-mobile-header-display":"","site-post-title":"","ast-breadcrumbs-content":"","ast-featured-img":"","footer-sml-layout":"","ast-disable-related-posts":"","theme-transparent-header-meta":"","adv-header-id-meta":"","stick-header-meta":"","header-above-stick-meta":"","header-main-stick-meta":"","header-below-stick-meta":"","astra-migrate-meta-layouts":"default","ast-page-background-enabled":"default","ast-page-background-meta":{"desktop":{"background-color":"var(--ast-global-color-4)","background-image":"","background-repeat":"repeat","background-position":"center center","background-size":"auto","background-attachment":"scroll","background-type":"","background-media":"","overlay-type":"","overlay-color":"","overlay-opacity":"","overlay-gradient":""},"tablet":{"background-color":"","background-image":"","background-repeat":"repeat","background-position":"center center","background-size":"auto","background-attachment":"scroll","background-type":"","background-media":"","overlay-type":"","overlay-color":"","overlay-opacity":"","overlay-gradient":""},"mobile":{"background-color":"","background-image":"","background-repeat":"repeat","background-position":"center center","background-size":"auto","background-attachment":"scroll","background-type":"","background-media":"","overlay-type":"","overlay-color":"","overlay-opacity":"","overlay-gradient":""}},"ast-content-background-meta":{"desktop":{"background-color":"var(--ast-global-color-5)","background-image":"","background-repeat":"repeat","background-position":"center center","background-size":"auto","background-attachment":"scroll","background-type":"","background-media":"","overlay-type":"","overlay-color":"","overlay-opacity":"","overlay-gradient":""},"tablet":{"background-color":"var(--ast-global-color-5)","background-image":"","background-repeat":"repeat","background-position":"center center","background-size":"auto","background-attachment":"scroll","background-type":"","background-media":"","overlay-type":"","overlay-color":"","overlay-opacity":"","overlay-gradient":""},"mobile":{"background-color":"var(--ast-global-color-5)","background-image":"","background-repeat":"repeat","background-position":"center center","background-size":"auto","background-attachment":"scroll","background-type":"","background-media":"","overlay-type":"","overlay-color":"","overlay-opacity":"","overlay-gradient":""}},"footnotes":"[]"},"class_list":["post-39","page","type-page","status-publish","hentry"],"uagb_featured_image_src":{"full":false,"thumbnail":false,"medium":false,"medium_large":false,"large":false,"1536x1536":false,"2048x2048":false,"gform-image-choice-sm":false,"gform-image-choice-md":false,"gform-image-choice-lg":false},"uagb_author_info":{"display_name":"c.schoenemann","author_link":"https:\/\/www.stoffstrom.org\/natuerlicher-klimaschutz\/author\/c-schoenemann\/"},"uagb_comment_info":0,"uagb_excerpt":"Die aktuellen F\u00f6rderm\u00f6glichkeiten k\u00f6nnen stets eingesehen werden auf der Webseite des Kompetenzzentrums Nat\u00fcrlicher Klimaschutz. Hinzu kommt noch die F\u00f6rderm\u00f6glichkeit der [&hellip;]","_links":{"self":[{"href":"https:\/\/www.stoffstrom.org\/natuerlicher-klimaschutz\/wp-json\/wp\/v2\/pages\/39","targetHints":{"allow":["GET"]}}],"collection":[{"href":"https:\/\/www.stoffstrom.org\/natuerlicher-klimaschutz\/wp-json\/wp\/v2\/pages"}],"about":[{"href":"https:\/\/www.stoffstrom.org\/natuerlicher-klimaschutz\/wp-json\/wp\/v2\/types\/page"}],"author":[{"embeddable":true,"href":"https:\/\/www.stoffstrom.org\/natuerlicher-klimaschutz\/wp-json\/wp\/v2\/users\/1"}],"replies":[{"embeddable":true,"href":"https:\/\/www.stoffstrom.org\/natuerlicher-klimaschutz\/wp-json\/wp\/v2\/comments?post=39"}],"version-history":[{"count":10,"href":"https:\/\/www.stoffstrom.org\/natuerlicher-klimaschutz\/wp-json\/wp\/v2\/pages\/39\/revisions"}],"predecessor-version":[{"id":454,"href":"https:\/\/www.stoffstrom.org\/natuerlicher-klimaschutz\/wp-json\/wp\/v2\/pages\/39\/revisions\/454"}],"wp:attachment":[{"href":"https:\/\/www.stoffstrom.org\/natuerlicher-klimaschutz\/wp-json\/wp\/v2\/media?parent=39"}],"curies":[{"name":"wp","href":"https:\/\/api.w.org\/{rel}","templated":true}]}}