{"id":395,"date":"2025-06-25T08:55:09","date_gmt":"2025-06-25T06:55:09","guid":{"rendered":"https:\/\/www.stoffstrom.org\/natuerlicher-klimaschutz\/?page_id=395"},"modified":"2025-06-25T08:55:09","modified_gmt":"2025-06-25T06:55:09","slug":"wettbewerb-2024","status":"publish","type":"page","link":"https:\/\/www.stoffstrom.org\/natuerlicher-klimaschutz\/wettbewerb-2024\/","title":{"rendered":"Wettbewerb 2024"},"content":{"rendered":"\n<p><strong>Jury k\u00fcrt die Gewinner des Wettbewerbs \u201eNat\u00fcrlicher Klimaschutz im Saarland und in Rheinland-Pfalz\u201c <\/strong><\/p>\n\n\n\n<p>Mit dem Wettbewerb waren Unternehmen, Schulen und Kommunen aufgerufen, konkrete Umsetzungsideen f\u00fcr den Nat\u00fcrlichen Klimaschutz einzureichen. Ziel des Wettbewerbs ist es praxistaugliche Ma\u00dfnahmen des Nat\u00fcrlichen Klimaschutzes umzusetzen und als Modellprojekte sichtbar zu machen.<\/p>\n\n\n\n<p>In einer Jurysitzung des Projekts wurden nun die Gewinner und die besten Ideen pr\u00e4miert. Insgesamt f\u00fcnf Kommunen und eine Schule profitieren in den n\u00e4chsten Monaten von einem umfangreichen Coaching durch das Institut f\u00fcr angewandtes Stoffstrommanagement (IfaS) sowie finanziellen Mitteln f\u00fcr die Projektumsetzung. <\/p>\n\n\n\n<p>Die durch eine Jury <strong>ausgew\u00e4hlten<\/strong> Kommunen, die ihre Projekte vertiefen und umsetzen d\u00fcrfen, sind aus Rheinland-Pfalz die <strong>Stadt Pirmasens<\/strong> und die <strong>Verbandsgemeinde W\u00f6rrstadt <\/strong>sowie die saarl\u00e4ndischen Gemeinden <strong>Oberthal<\/strong>, <strong>Losheim am See<\/strong> und <strong>Gersheim<\/strong>. Neben dem Coaching erhalten die Kommunen jeweils 2.000 Euro f\u00fcr die Umsetzung erster Ma\u00dfnahmen.<\/p>\n\n\n\n<p>Die Kommunen werden bei der Umsetzung ihrer konkreten Projektideen aus dem Bereich Nat\u00fcrlicher Klimaschutz gef\u00f6rdert:<\/p>\n\n\n\n<ul class=\"wp-block-list\">\n<li>Die <a href=\"https:\/\/www.pirmasens.de\/\" data-type=\"link\" data-id=\"https:\/\/www.pirmasens.de\/\" target=\"_blank\" rel=\"noreferrer noopener\"><strong>Stadt Pirmasens<\/strong> <\/a>plant die Entwicklung von Ma\u00dfnahmen zur Sensibilisierung und Beteiligung der B\u00fcrgerschaft in das bereits in Vorbereitung befindliche Projekt zur Umsetzung eines klimaangepassten Pflanzsystems f\u00fcr die Stadtb\u00e4ume (\u201eStockholmer Baumpflanzsystem\u201c) mit innovativer Bew\u00e4sserung.<\/li>\n\n\n\n<li>In <strong><a href=\"https:\/\/gersheim.de\/\" target=\"_blank\" rel=\"noreferrer noopener\">Gersheim<\/a><\/strong> soll mit der Renaturierung eines alten Sportplatzes in einen \u00f6kologischen Zeltplatz mit Permakultur und Tiny-Forest-Elementen gezeigt werden, wie Naturschutz und Freizeitnutzung harmonieren k\u00f6nnen.<\/li>\n\n\n\n<li><a href=\"https:\/\/www.oberthal.de\/\" target=\"_blank\" rel=\"noreferrer noopener\"><strong>Oberthal<\/strong> <\/a>setzt auf \u00d6ffentlichkeitsarbeit, Baumpflanzungen und die Einf\u00fchrung von Pflanzenkohle zur Bodenverbesserung.<\/li>\n\n\n\n<li><a href=\"https:\/\/www.losheim.de\/\" target=\"_blank\" rel=\"noreferrer noopener\"><strong>Losheim<\/strong> <\/a>plant eine umfassende Pflanzenkohlestrategie, um Kohlenstoffsenken aufzubauen und die Bodenqualit\u00e4t zu f\u00f6rdern.<\/li>\n\n\n\n<li>Die <strong><a href=\"https:\/\/www.vgwoerrstadt.de\/\" target=\"_blank\" rel=\"noreferrer noopener\">Verbandsgemeinde W\u00f6rrstadt<\/a><\/strong> m\u00f6chte mit einer strategischen Struktur- und Ma\u00dfnahmenplanung in das Klimawandelanpassungsmanagement einsteigen.<\/li>\n<\/ul>\n\n\n\n<p>Neben den oben genannten Kommunen wurde die <a href=\"https:\/\/montessori-sb.de\/\" target=\"_blank\" rel=\"noreferrer noopener\"><strong>Montessori Gemeinschaftsschule Saar<\/strong> <\/a>f\u00fcr ihre nachhaltige Schulinitiative ausgezeichnet und erh\u00e4lt 5.000 Euro Preisgeld sowie ebenfalls ein Coaching. Betrachtet wird mit dem Vorhaben die Ausweitung der bereits laufenden zahlreichen Aktivit\u00e4ten: erweiterte Nutzung Flurst\u00fcck als Reallabor mit Schwerpunkt Wassermanagement Nat\u00fcrlicher Klimaschutz sowie die Weiterentwicklung der Freifl\u00e4che unter der Stromtrasse.<\/p>\n\n\n\n<p>Die ausgezeichneten Projekte und ihre kreativen Ans\u00e4tze verdeutlichen, wie Nat\u00fcrlicher Klimaschutz nicht nur den Klimawandel bek\u00e4mpfen, sondern auch die Lebensqualit\u00e4t in den Regionen erh\u00f6hen kann.<\/p>\n\n\n\n<p><strong>Weiterf\u00fchrende Informationen:<\/strong><\/p>\n\n\n\n<ul class=\"wp-block-list\">\n<li>Zusammenfassende Vorstellung des Wettbewerbs und des Coachings \u2013 <a href=\"https:\/\/www.stoffstrom.org\/natuerlicher-klimaschutz\/wp-content\/uploads\/2024\/10\/Coaching-Na.-KS_Wettbewerbsvorstellung_Update-01.10.pdf\" target=\"_blank\" rel=\"noreferrer noopener\">jetzt HIER herunterladen<\/a><\/li>\n\n\n\n<li>Bewerbungsunterlagen f\u00fcr Schulen \u2013 <a href=\"https:\/\/www.stoffstrom.org\/natuerlicher-klimaschutz\/wp-content\/uploads\/2024\/07\/Natuerlicher-Klimaschutz_Bewerbungsunterlagen-Schulen.pdf\" target=\"_blank\" rel=\"noreferrer noopener\">jetzt HIER herunterladen<\/a><\/li>\n\n\n\n<li>Bewerbungsunterlagen f\u00fcr Kommunen \u2013 <a href=\"https:\/\/www.stoffstrom.org\/natuerlicher-klimaschutz\/wp-content\/uploads\/2024\/10\/Wettbewerb-Nat.-KS_Bewerbung-Kommunen_Update-01.10.24.pdf\" target=\"_blank\" rel=\"noreferrer noopener\">jetzt HIER herunterladen<\/a><\/li>\n\n\n\n<li>Bewerbungsunterlagen f\u00fcr Unternehmen \u2013<a href=\"https:\/\/www.stoffstrom.org\/natuerlicher-klimaschutz\/wp-content\/uploads\/2024\/07\/Natuerlicher-Klimaschutz_Bewerbungsunterlagen-Unternehmen.pdf\"> jetzt HIER herunterladen<\/a><\/li>\n\n\n\n<li><a href=\"https:\/\/www.stoffstrom.org\/natuerlicher-klimaschutz\/wp-content\/uploads\/2024\/12\/2024-12-06_Pressemitteilung_Auszeichnung_Coaching-Natuerlicher-Klimaschutz_END.pdf\" target=\"_blank\" rel=\"noreferrer noopener\">Pressemitteilung<\/a><\/li>\n<\/ul>\n\n\n\n<p>F\u00fcr R\u00fcckfragen steht Ihnen Herr Michael M\u00fcller per E-Mail (<a href=\"mailto:m.mueller@umwelt-campus.de\">m.mueller@umwelt-campus.de<\/a>) gerne zur Verf\u00fcgung.<\/p>\n\n\n\n<p><\/p>\n","protected":false},"excerpt":{"rendered":"<p>Jury k\u00fcrt die Gewinner des Wettbewerbs \u201eNat\u00fcrlicher Klimaschutz im Saarland und in Rheinland-Pfalz\u201c Mit dem Wettbewerb waren Unternehmen, Schulen und [&hellip;]<\/p>\n","protected":false},"author":1,"featured_media":0,"parent":0,"menu_order":0,"comment_status":"closed","ping_status":"closed","template":"","meta":{"_uag_custom_page_level_css":"","site-sidebar-layout":"default","site-content-layout":"","ast-site-content-layout":"default","site-content-style":"default","site-sidebar-style":"default","ast-global-header-display":"","ast-banner-title-visibility":"","ast-main-header-display":"","ast-hfb-above-header-display":"","ast-hfb-below-header-display":"","ast-hfb-mobile-header-display":"","site-post-title":"","ast-breadcrumbs-content":"","ast-featured-img":"","footer-sml-layout":"","ast-disable-related-posts":"","theme-transparent-header-meta":"","adv-header-id-meta":"","stick-header-meta":"","header-above-stick-meta":"","header-main-stick-meta":"","header-below-stick-meta":"","astra-migrate-meta-layouts":"default","ast-page-background-enabled":"default","ast-page-background-meta":{"desktop":{"background-color":"var(--ast-global-color-4)","background-image":"","background-repeat":"repeat","background-position":"center center","background-size":"auto","background-attachment":"scroll","background-type":"","background-media":"","overlay-type":"","overlay-color":"","overlay-opacity":"","overlay-gradient":""},"tablet":{"background-color":"","background-image":"","background-repeat":"repeat","background-position":"center center","background-size":"auto","background-attachment":"scroll","background-type":"","background-media":"","overlay-type":"","overlay-color":"","overlay-opacity":"","overlay-gradient":""},"mobile":{"background-color":"","background-image":"","background-repeat":"repeat","background-position":"center center","background-size":"auto","background-attachment":"scroll","background-type":"","background-media":"","overlay-type":"","overlay-color":"","overlay-opacity":"","overlay-gradient":""}},"ast-content-background-meta":{"desktop":{"background-color":"var(--ast-global-color-5)","background-image":"","background-repeat":"repeat","background-position":"center center","background-size":"auto","background-attachment":"scroll","background-type":"","background-media":"","overlay-type":"","overlay-color":"","overlay-opacity":"","overlay-gradient":""},"tablet":{"background-color":"var(--ast-global-color-5)","background-image":"","background-repeat":"repeat","background-position":"center center","background-size":"auto","background-attachment":"scroll","background-type":"","background-media":"","overlay-type":"","overlay-color":"","overlay-opacity":"","overlay-gradient":""},"mobile":{"background-color":"var(--ast-global-color-5)","background-image":"","background-repeat":"repeat","background-position":"center center","background-size":"auto","background-attachment":"scroll","background-type":"","background-media":"","overlay-type":"","overlay-color":"","overlay-opacity":"","overlay-gradient":""}},"footnotes":""},"class_list":["post-395","page","type-page","status-publish","hentry"],"uagb_featured_image_src":{"full":false,"thumbnail":false,"medium":false,"medium_large":false,"large":false,"1536x1536":false,"2048x2048":false,"gform-image-choice-sm":false,"gform-image-choice-md":false,"gform-image-choice-lg":false},"uagb_author_info":{"display_name":"c.schoenemann","author_link":"https:\/\/www.stoffstrom.org\/natuerlicher-klimaschutz\/author\/c-schoenemann\/"},"uagb_comment_info":0,"uagb_excerpt":"Jury k\u00fcrt die Gewinner des Wettbewerbs \u201eNat\u00fcrlicher Klimaschutz im Saarland und in Rheinland-Pfalz\u201c Mit dem Wettbewerb waren Unternehmen, Schulen und [&hellip;]","_links":{"self":[{"href":"https:\/\/www.stoffstrom.org\/natuerlicher-klimaschutz\/wp-json\/wp\/v2\/pages\/395","targetHints":{"allow":["GET"]}}],"collection":[{"href":"https:\/\/www.stoffstrom.org\/natuerlicher-klimaschutz\/wp-json\/wp\/v2\/pages"}],"about":[{"href":"https:\/\/www.stoffstrom.org\/natuerlicher-klimaschutz\/wp-json\/wp\/v2\/types\/page"}],"author":[{"embeddable":true,"href":"https:\/\/www.stoffstrom.org\/natuerlicher-klimaschutz\/wp-json\/wp\/v2\/users\/1"}],"replies":[{"embeddable":true,"href":"https:\/\/www.stoffstrom.org\/natuerlicher-klimaschutz\/wp-json\/wp\/v2\/comments?post=395"}],"version-history":[{"count":1,"href":"https:\/\/www.stoffstrom.org\/natuerlicher-klimaschutz\/wp-json\/wp\/v2\/pages\/395\/revisions"}],"predecessor-version":[{"id":401,"href":"https:\/\/www.stoffstrom.org\/natuerlicher-klimaschutz\/wp-json\/wp\/v2\/pages\/395\/revisions\/401"}],"wp:attachment":[{"href":"https:\/\/www.stoffstrom.org\/natuerlicher-klimaschutz\/wp-json\/wp\/v2\/media?parent=395"}],"curies":[{"name":"wp","href":"https:\/\/api.w.org\/{rel}","templated":true}]}}