{"id":41,"date":"2024-03-17T18:27:21","date_gmt":"2024-03-17T17:27:21","guid":{"rendered":"https:\/\/www.stoffstrom.org\/natuerlicher-klimaschutz\/?page_id=41"},"modified":"2026-02-13T08:53:34","modified_gmt":"2026-02-13T07:53:34","slug":"kontakt","status":"publish","type":"page","link":"https:\/\/www.stoffstrom.org\/natuerlicher-klimaschutz\/kontakt\/","title":{"rendered":"Kontakt"},"content":{"rendered":"\n<h3 class=\"wp-block-heading\">Projektleiter<\/h3>\n\n\n\n<figure class=\"wp-block-image size-medium is-style-rounded\"><img loading=\"lazy\" decoding=\"async\" width=\"300\" height=\"300\" src=\"https:\/\/www.stoffstrom.org\/natuerlicher-klimaschutz\/wp-content\/uploads\/2024\/03\/ph-300x300.jpg\" alt=\"\" class=\"wp-image-64\" title=\"pheck\" srcset=\"https:\/\/www.stoffstrom.org\/natuerlicher-klimaschutz\/wp-content\/uploads\/2024\/03\/ph-300x300.jpg 300w, https:\/\/www.stoffstrom.org\/natuerlicher-klimaschutz\/wp-content\/uploads\/2024\/03\/ph-150x150.jpg 150w, https:\/\/www.stoffstrom.org\/natuerlicher-klimaschutz\/wp-content\/uploads\/2024\/03\/ph.jpg 400w\" sizes=\"auto, (max-width: 300px) 100vw, 300px\" \/><\/figure>\n\n\n\n<p>Prof. Dr. Peter Heck<br><em>Gesch\u00e4ftsf\u00fchrender Direktor des IfaS<\/em><\/p>\n\n\n\n<p>E-Mail: p.heck(at)umwelt-campus.de<\/p>\n\n\n\n<h3 class=\"wp-block-heading\">Kontakt und Information<\/h3>\n\n\n\n<div class=\"wp-block-uagb-container uagb-block-c30133c7 alignfull uagb-is-root-container\"><div class=\"uagb-container-inner-blocks-wrap\">\n<div class=\"wp-block-uagb-container uagb-block-4e8b46bf\">\n<figure class=\"wp-block-image size-medium is-style-rounded\"><img loading=\"lazy\" decoding=\"async\" width=\"300\" height=\"300\" src=\"https:\/\/www.stoffstrom.org\/natuerlicher-klimaschutz\/wp-content\/uploads\/2024\/03\/mm-300x300.jpg\" alt=\"\" class=\"wp-image-60\" title=\"mmueller\" srcset=\"https:\/\/www.stoffstrom.org\/natuerlicher-klimaschutz\/wp-content\/uploads\/2024\/03\/mm-300x300.jpg 300w, https:\/\/www.stoffstrom.org\/natuerlicher-klimaschutz\/wp-content\/uploads\/2024\/03\/mm-150x150.jpg 150w, https:\/\/www.stoffstrom.org\/natuerlicher-klimaschutz\/wp-content\/uploads\/2024\/03\/mm.jpg 400w\" sizes=\"auto, (max-width: 300px) 100vw, 300px\" \/><\/figure>\n\n\n\n<p>Dipl.-Ing. Michael M\u00fcller<br><em>Bereichsleiter Stoffstrommanagement und Null-Emission<\/em><\/p>\n\n\n\n<p>Tel.: 06782 \u2013 17 2646<br>E-Mail: m.mueller(at)umwelt-campus.de<\/p>\n<\/div>\n\n\n\n<div class=\"wp-block-uagb-container uagb-block-1c6dbc4a\">\n<figure class=\"wp-block-image size-medium is-style-rounded\"><img loading=\"lazy\" decoding=\"async\" width=\"300\" height=\"300\" src=\"https:\/\/www.stoffstrom.org\/natuerlicher-klimaschutz\/wp-content\/uploads\/2026\/02\/n.fetzer_quadratisch_web-300x300.jpg\" alt=\"\" class=\"wp-image-469\" title=\"sschwan\" srcset=\"https:\/\/www.stoffstrom.org\/natuerlicher-klimaschutz\/wp-content\/uploads\/2026\/02\/n.fetzer_quadratisch_web-300x300.jpg 300w, https:\/\/www.stoffstrom.org\/natuerlicher-klimaschutz\/wp-content\/uploads\/2026\/02\/n.fetzer_quadratisch_web-1024x1024.jpg 1024w, https:\/\/www.stoffstrom.org\/natuerlicher-klimaschutz\/wp-content\/uploads\/2026\/02\/n.fetzer_quadratisch_web-150x150.jpg 150w, https:\/\/www.stoffstrom.org\/natuerlicher-klimaschutz\/wp-content\/uploads\/2026\/02\/n.fetzer_quadratisch_web-768x768.jpg 768w, https:\/\/www.stoffstrom.org\/natuerlicher-klimaschutz\/wp-content\/uploads\/2026\/02\/n.fetzer_quadratisch_web-1536x1536.jpg 1536w, https:\/\/www.stoffstrom.org\/natuerlicher-klimaschutz\/wp-content\/uploads\/2026\/02\/n.fetzer_quadratisch_web.jpg 1800w\" sizes=\"auto, (max-width: 300px) 100vw, 300px\" \/><\/figure>\n\n\n\n<p>Nina Fetzer, B. Eng.<br><em><em>Stoffstrommanagement und Null-Emission<\/em><\/em><\/p>\n\n\n\n<p>Tel.:\u00a0\u00a006782 \u2013 17 2645<br>E-Mail: n.fetzer(at)umwelt-campus.de<\/p>\n<\/div>\n<\/div><\/div>\n\n\n\n<h3 class=\"wp-block-heading\">Veranstaltungsorganisation<\/h3>\n\n\n\n<figure class=\"wp-block-image size-medium is-style-rounded\"><img loading=\"lazy\" decoding=\"async\" width=\"300\" height=\"300\" src=\"https:\/\/www.stoffstrom.org\/natuerlicher-klimaschutz\/wp-content\/uploads\/2024\/03\/co-300x300.jpg\" alt=\"\" class=\"wp-image-62\" title=\"orlando\" srcset=\"https:\/\/www.stoffstrom.org\/natuerlicher-klimaschutz\/wp-content\/uploads\/2024\/03\/co-300x300.jpg 300w, https:\/\/www.stoffstrom.org\/natuerlicher-klimaschutz\/wp-content\/uploads\/2024\/03\/co-150x150.jpg 150w, https:\/\/www.stoffstrom.org\/natuerlicher-klimaschutz\/wp-content\/uploads\/2024\/03\/co.jpg 400w\" sizes=\"auto, (max-width: 300px) 100vw, 300px\" \/><\/figure>\n\n\n\n<p>Caterina Orlando, M.A.<br><em>PR und \u00d6ffentlichkeitsarbeit<\/em><\/p>\n\n\n\n<p>Tel.: 06782 \u2013 17 1469<br>E-Mail: c.orlando(at)umwelt-campus.de<\/p>\n","protected":false},"excerpt":{"rendered":"<p>Projektleiter Prof. Dr. Peter HeckGesch\u00e4ftsf\u00fchrender Direktor des IfaS E-Mail: p.heck(at)umwelt-campus.de Kontakt und Information Dipl.-Ing. Michael M\u00fcllerBereichsleiter Stoffstrommanagement und Null-Emission Tel.: [&hellip;]<\/p>\n","protected":false},"author":1,"featured_media":0,"parent":0,"menu_order":0,"comment_status":"closed","ping_status":"closed","template":"","meta":{"_uag_custom_page_level_css":"","site-sidebar-layout":"default","site-content-layout":"","ast-site-content-layout":"default","site-content-style":"default","site-sidebar-style":"default","ast-global-header-display":"","ast-banner-title-visibility":"","ast-main-header-display":"","ast-hfb-above-header-display":"","ast-hfb-below-header-display":"","ast-hfb-mobile-header-display":"","site-post-title":"","ast-breadcrumbs-content":"","ast-featured-img":"","footer-sml-layout":"","ast-disable-related-posts":"","theme-transparent-header-meta":"","adv-header-id-meta":"","stick-header-meta":"","header-above-stick-meta":"","header-main-stick-meta":"","header-below-stick-meta":"","astra-migrate-meta-layouts":"default","ast-page-background-enabled":"default","ast-page-background-meta":{"desktop":{"background-color":"var(--ast-global-color-4)","background-image":"","background-repeat":"repeat","background-position":"center center","background-size":"auto","background-attachment":"scroll","background-type":"","background-media":"","overlay-type":"","overlay-color":"","overlay-opacity":"","overlay-gradient":""},"tablet":{"background-color":"","background-image":"","background-repeat":"repeat","background-position":"center center","background-size":"auto","background-attachment":"scroll","background-type":"","background-media":"","overlay-type":"","overlay-color":"","overlay-opacity":"","overlay-gradient":""},"mobile":{"background-color":"","background-image":"","background-repeat":"repeat","background-position":"center center","background-size":"auto","background-attachment":"scroll","background-type":"","background-media":"","overlay-type":"","overlay-color":"","overlay-opacity":"","overlay-gradient":""}},"ast-content-background-meta":{"desktop":{"background-color":"var(--ast-global-color-5)","background-image":"","background-repeat":"repeat","background-position":"center center","background-size":"auto","background-attachment":"scroll","background-type":"","background-media":"","overlay-type":"","overlay-color":"","overlay-opacity":"","overlay-gradient":""},"tablet":{"background-color":"var(--ast-global-color-5)","background-image":"","background-repeat":"repeat","background-position":"center center","background-size":"auto","background-attachment":"scroll","background-type":"","background-media":"","overlay-type":"","overlay-color":"","overlay-opacity":"","overlay-gradient":""},"mobile":{"background-color":"var(--ast-global-color-5)","background-image":"","background-repeat":"repeat","background-position":"center center","background-size":"auto","background-attachment":"scroll","background-type":"","background-media":"","overlay-type":"","overlay-color":"","overlay-opacity":"","overlay-gradient":""}},"footnotes":""},"class_list":["post-41","page","type-page","status-publish","hentry"],"uagb_featured_image_src":{"full":false,"thumbnail":false,"medium":false,"medium_large":false,"large":false,"1536x1536":false,"2048x2048":false,"gform-image-choice-sm":false,"gform-image-choice-md":false,"gform-image-choice-lg":false},"uagb_author_info":{"display_name":"c.schoenemann","author_link":"https:\/\/www.stoffstrom.org\/natuerlicher-klimaschutz\/author\/c-schoenemann\/"},"uagb_comment_info":0,"uagb_excerpt":"Projektleiter Prof. Dr. Peter HeckGesch\u00e4ftsf\u00fchrender Direktor des IfaS E-Mail: p.heck(at)umwelt-campus.de Kontakt und Information Dipl.-Ing. Michael M\u00fcllerBereichsleiter Stoffstrommanagement und Null-Emission Tel.: [&hellip;]","_links":{"self":[{"href":"https:\/\/www.stoffstrom.org\/natuerlicher-klimaschutz\/wp-json\/wp\/v2\/pages\/41","targetHints":{"allow":["GET"]}}],"collection":[{"href":"https:\/\/www.stoffstrom.org\/natuerlicher-klimaschutz\/wp-json\/wp\/v2\/pages"}],"about":[{"href":"https:\/\/www.stoffstrom.org\/natuerlicher-klimaschutz\/wp-json\/wp\/v2\/types\/page"}],"author":[{"embeddable":true,"href":"https:\/\/www.stoffstrom.org\/natuerlicher-klimaschutz\/wp-json\/wp\/v2\/users\/1"}],"replies":[{"embeddable":true,"href":"https:\/\/www.stoffstrom.org\/natuerlicher-klimaschutz\/wp-json\/wp\/v2\/comments?post=41"}],"version-history":[{"count":6,"href":"https:\/\/www.stoffstrom.org\/natuerlicher-klimaschutz\/wp-json\/wp\/v2\/pages\/41\/revisions"}],"predecessor-version":[{"id":470,"href":"https:\/\/www.stoffstrom.org\/natuerlicher-klimaschutz\/wp-json\/wp\/v2\/pages\/41\/revisions\/470"}],"wp:attachment":[{"href":"https:\/\/www.stoffstrom.org\/natuerlicher-klimaschutz\/wp-json\/wp\/v2\/media?parent=41"}],"curies":[{"name":"wp","href":"https:\/\/api.w.org\/{rel}","templated":true}]}}