{"id":7,"date":"2024-03-17T14:31:15","date_gmt":"2024-03-17T13:31:15","guid":{"rendered":"https:\/\/www.stoffstrom.org\/natuerlicher-klimaschutz\/?page_id=7"},"modified":"2026-02-13T11:11:14","modified_gmt":"2026-02-13T10:11:14","slug":"projektinformation","status":"publish","type":"page","link":"https:\/\/www.stoffstrom.org\/natuerlicher-klimaschutz\/","title":{"rendered":"Projektinformation"},"content":{"rendered":"\n<h2 class=\"wp-block-heading\">Herzlich willkommen<\/h2>\n\n\n\n<p>auf der Internetpr\u00e4senz des Projektes&nbsp;<strong>Konferenz, Wettbewerb &amp; Coaching \u201eNat\u00fcrlicher Klimaschutz im Saarland und in Rheinland-Pfalz<\/strong>&#8222;.<\/p>\n\n\n\n<figure class=\"wp-block-image size-full is-style-zoooom\"><img loading=\"lazy\" decoding=\"async\" width=\"2560\" height=\"975\" src=\"https:\/\/www.stoffstrom.org\/natuerlicher-klimaschutz\/wp-content\/uploads\/2025\/07\/tom_fieder_2025-scaled.jpg\" alt=\"\" class=\"wp-image-444\" srcset=\"https:\/\/www.stoffstrom.org\/natuerlicher-klimaschutz\/wp-content\/uploads\/2025\/07\/tom_fieder_2025-scaled.jpg 2560w, https:\/\/www.stoffstrom.org\/natuerlicher-klimaschutz\/wp-content\/uploads\/2025\/07\/tom_fieder_2025-300x114.jpg 300w, https:\/\/www.stoffstrom.org\/natuerlicher-klimaschutz\/wp-content\/uploads\/2025\/07\/tom_fieder_2025-1024x390.jpg 1024w, https:\/\/www.stoffstrom.org\/natuerlicher-klimaschutz\/wp-content\/uploads\/2025\/07\/tom_fieder_2025-768x292.jpg 768w, https:\/\/www.stoffstrom.org\/natuerlicher-klimaschutz\/wp-content\/uploads\/2025\/07\/tom_fieder_2025-1536x585.jpg 1536w, https:\/\/www.stoffstrom.org\/natuerlicher-klimaschutz\/wp-content\/uploads\/2025\/07\/tom_fieder_2025-2048x780.jpg 2048w\" sizes=\"auto, (max-width: 2560px) 100vw, 2560px\" \/><\/figure>\n\n\n\n<p><strong>Nat\u00fcrlicher Klimaschutz<\/strong> ist ein unumg\u00e4nglicher Baustein, um die Klimaschutzziele zu erreichen und den Erhalt der biologischen Vielfalt zu f\u00f6rdern. Die Bundesregierung hat deshalb das Aktionsprogramm Nat\u00fcrlicher Klimaschutz (ANK) aufgesetzt. Es gibt jedoch nur wenige Praxisbeispiele, die zur Nachahmung anregen. Dabei braucht es mehr gute Beispiele, um den Schutz des Klimas im Einklang mit dem Schutz anderer nat\u00fcrlicher Ressourcen voranzutreiben.<\/p>\n\n\n\n<p>Um diese Entwicklung zu bef\u00f6rdern, ist das <a href=\"https:\/\/www.stoffstrom.org\/\" target=\"_blank\" rel=\"noreferrer noopener\">Institut f\u00fcr angewandtes Stoffstrommanagement (IfaS)<\/a> des Umwelt-Campus Birkenfeld der Hochschule Trier gemeinsam von der <a href=\"https:\/\/hagerstiftung.de\/de\/\" target=\"_blank\" rel=\"noreferrer noopener\">Peter und Luise Hager-Stiftung<\/a> und <a href=\"http:\/\/www.globus-stiftung.de\/\" target=\"_blank\" rel=\"noreferrer noopener\">Globus-Stiftung<\/a> beauftragt worden, die Umsetzung von Ma\u00dfnahmen des Nat\u00fcrlichen Klimaschutzes in kommunalen Verwaltungseinrichtungen, Schulen, Unternehmen, Vereinen etc. sowie auf \u00f6ffentlichen Pl\u00e4tzen u.\u00e4. aus dem Saarland und Rheinland-Pfalz zu f\u00f6rdern.<\/p>\n\n\n\n<p><a href=\"https:\/\/www.stoffstrom.org\/natuerlicher-klimaschutz\/2025\/11\/27\/wettbewerb-natuerlicher-klimaschutz-im-saarland-und-in-rheinland-pfalz-sechs-projekte-starten-in-die-umsetzung\/\" data-type=\"link\" data-id=\"https:\/\/www.stoffstrom.org\/natuerlicher-klimaschutz\/2025\/11\/27\/wettbewerb-natuerlicher-klimaschutz-im-saarland-und-in-rheinland-pfalz-sechs-projekte-starten-in-die-umsetzung\/\" target=\"_blank\" rel=\"noreferrer noopener\">Pressemitteilung zu Gewinnerprojekten 2025<\/a><\/p>\n\n\n\n<p><a href=\"https:\/\/www.stoffstrom.org\/natuerlicher-klimaschutz\/wp-content\/uploads\/2026\/02\/2025.06.25_PM_Konferenz-NaKlim.pdf\" data-type=\"link\" data-id=\"https:\/\/www.stoffstrom.org\/natuerlicher-klimaschutz\/wp-content\/uploads\/2026\/02\/2025.06.25_PM_Konferenz-NaKlim.pdf\" target=\"_blank\" rel=\"noreferrer noopener\">Pressemitteilung 2. Konferenz 2025<\/a><\/p>\n\n\n\n<p><a href=\"https:\/\/www.stoffstrom.org\/natuerlicher-klimaschutz\/wp-content\/uploads\/2025\/05\/2025.06.25_Programm_Klimaschutz-1.pdf\" data-type=\"attachment\" data-id=\"373\" target=\"_blank\" rel=\"noreferrer noopener\">Download Programmflyer 2025<\/a><\/p>\n\n\n\n<p style=\"margin-top:var(--wp--preset--spacing--60);margin-bottom:var(--wp--preset--spacing--60)\"><a href=\"https:\/\/www.stoffstrom.org\/natuerlicher-klimaschutz\/wp-content\/uploads\/2025\/05\/2025_Projektflyer-Natuerlicher-Klimaschutz.pdf\">Download Projektflyer 2025<\/a><\/p>\n\n\n\n<p><a href=\"https:\/\/www.stoffstrom.org\/natuerlicher-klimaschutz\/wp-content\/uploads\/2024\/12\/2024-12-06_Pressemitteilung_Auszeichnung_Coaching-Natuerlicher-Klimaschutz_END.pdf\" target=\"_blank\" rel=\"noreferrer noopener\">Pressemitteilung zum Wettbewerb vom Dezember 2024<\/a><\/p>\n\n\n\n<div style=\"height:51px\" aria-hidden=\"true\" class=\"wp-block-spacer\"><\/div>\n\n\n\n<div class=\"wp-block-uagb-container uagb-block-5aad87e1 alignfull uagb-is-root-container\"><div class=\"uagb-container__shape uagb-container__shape-top uagb-container__shape-flip\"><svg xmlns=\"https:\/\/www.w3.org\/2000\/svg\" viewBox=\"0 0 2600 131.1\" preserveAspectRatio=\"none\"><path class=\"uagb-container__shape-fill\" d=\"M0 0L2600 0 2600 69.1 0 0z\"><\/path><path class=\"uagb-container__shape-fill\" opacity=\"0.5\" d=\"M0 0L2600 0 2600 69.1 0 69.1z\"><\/path><path class=\"uagb-container__shape-fill\" opacity=\"0.25\" d=\"M2600 0L0 0 0 130.1 2600 69.1z\"><\/path><\/svg><\/div><div class=\"uagb-container__shape uagb-container__shape-bottom uagb-container__shape-flip uagb-container__invert\" data-negative=\"false\"><svg xmlns=\"https:\/\/www.w3.org\/2000\/svg\" viewBox=\"0 0 2600 131.1\" preserveAspectRatio=\"none\"><path class=\"uagb-container__shape-fill\" d=\"M0 0L2600 0 2600 69.1 0 0z\"><\/path><path class=\"uagb-container__shape-fill\" opacity=\"0.5\" d=\"M0 0L2600 0 2600 69.1 0 69.1z\"><\/path><path class=\"uagb-container__shape-fill\" opacity=\"0.25\" d=\"M2600 0L0 0 0 130.1 2600 69.1z\"><\/path><\/svg><\/div><div class=\"uagb-container-inner-blocks-wrap\">\n<div class=\"wp-block-uagb-container uagb-block-d9a264b3\">\n<div class=\"wp-block-uagb-info-box uagb-block-4f85ce56 uagb-infobox__content-wrap  uagb-infobox-icon-right uagb-infobox-right uagb-infobox-stacked-tablet uagb-infobox-reverse-order-tablet uagb-infobox-image-valign-top\"><div class=\"uagb-ifb-content\"><div class=\"uagb-ifb-title-wrap\"><h3 class=\"uagb-ifb-title\">Projektphase<\/h3><\/div><p class=\"uagb-ifb-desc\">Durchf\u00fchrung einer ganzt\u00e4gigen Konferenz \u201eNat\u00fcrlicher Klimaschutz\u201c am 23. Juni 2026 auf dem Umwelt-Campus Birkenfeld.<\/p><\/div><div class=\"uagb-ifb-icon-wrap\"><div class=\"uagb-iconbox-icon-wrap uagb-infobox-shape-squre\"><svg xmlns=\"https:\/\/www.w3.org\/2000\/svg\" viewBox=\"0 0 256 512\"><path d=\"M256 448c0 17.67-14.33 32-32 32H32c-17.67 0-32-14.33-32-32s14.33-32 32-32h64V123.8L49.75 154.6C35.02 164.5 15.19 160.4 5.375 145.8C-4.422 131.1-.4531 111.2 14.25 101.4l96-64c9.828-6.547 22.45-7.187 32.84-1.594C153.5 41.37 160 52.22 160 64.01v352h64C241.7 416 256 430.3 256 448z\"><\/path><\/svg><\/div><\/div><\/div>\n<\/div>\n\n\n\n<div class=\"wp-block-uagb-container uagb-block-6cac04dc\">\n<div class=\"wp-block-uagb-info-box uagb-block-2623f70c uagb-infobox__content-wrap  uagb-infobox-icon-right uagb-infobox-right uagb-infobox-stacked-tablet uagb-infobox-reverse-order-tablet uagb-infobox-image-valign-top\"><div class=\"uagb-ifb-content\"><div class=\"uagb-ifb-title-wrap\"><h3 class=\"uagb-ifb-title\">Projektphase<\/h3><\/div><p class=\"uagb-ifb-desc\">Realisierung eines Wettbewerbs mit den besten Ideen zur Umsetzung der Ziele des ANK im Saarland und in Rheinland-Pfalz. <\/p><\/div><div class=\"uagb-ifb-icon-wrap\"><div class=\"uagb-iconbox-icon-wrap uagb-infobox-shape-squre\"><svg xmlns=\"https:\/\/www.w3.org\/2000\/svg\" viewBox=\"0 0 320 512\"><path d=\"M320 448c0 17.67-14.33 32-32 32H32c-13.08 0-24.83-7.953-29.7-20.09c-4.859-12.12-1.859-26 7.594-35.03l193.6-185.1c31.36-30.17 33.95-80 5.812-113.4c-14.91-17.69-35.86-28.12-58.97-29.38C127.4 95.83 105.3 103.9 88.53 119.9L53.52 151.7c-13.08 11.91-33.33 10.89-45.2-2.172C-3.563 136.5-2.594 116.2 10.48 104.3l34.45-31.3c28.67-27.34 68.39-42.11 108.9-39.88c40.33 2.188 78.39 21.16 104.4 52.03c49.8 59.05 45.2 147.3-10.45 200.8l-136 130H288C305.7 416 320 430.3 320 448z\"><\/path><\/svg><\/div><\/div><\/div>\n<\/div>\n\n\n\n<div class=\"wp-block-uagb-container uagb-block-c12030d7\">\n<div class=\"wp-block-uagb-info-box uagb-block-4bc7a41d uagb-infobox__content-wrap  uagb-infobox-icon-right uagb-infobox-right uagb-infobox-stacked-tablet uagb-infobox-reverse-order-tablet uagb-infobox-image-valign-top\"><div class=\"uagb-ifb-content\"><div class=\"uagb-ifb-title-wrap\"><h3 class=\"uagb-ifb-title\">Projektphase<\/h3><\/div><p class=\"uagb-ifb-desc\">Die Gewinner erhalten jeweils ein Coaching und Preisgeld in H\u00f6he von 2.500 Euro f\u00fcr die Umsetzung. <br><br><a href=\"https:\/\/www.stoffstrom.org\/natuerlicher-klimaschutz\/wettbewerb\/\" data-type=\"page\" data-id=\"37\">Mehr Infos unter Wettbewerb<\/a><\/p><\/div><div class=\"uagb-ifb-icon-wrap\"><div class=\"uagb-iconbox-icon-wrap uagb-infobox-shape-squre\"><svg xmlns=\"https:\/\/www.w3.org\/2000\/svg\" viewBox=\"0 0 320 512\"><path d=\"M320 344c0 74.98-61.02 136-136 136H103.6c-46.34 0-87.31-29.53-101.1-73.48c-5.594-16.77 3.484-34.88 20.25-40.47c16.75-5.609 34.89 3.484 40.47 20.25c5.922 17.77 22.48 29.7 41.23 29.7H184c39.7 0 72-32.3 72-72s-32.3-72-72-72H80c-13.2 0-25.05-8.094-29.83-20.41C45.39 239.3 48.66 225.3 58.38 216.4l131.4-120.4H32c-17.67 0-32-14.33-32-32s14.33-32 32-32h240c13.2 0 25.05 8.094 29.83 20.41c4.781 12.3 1.516 26.27-8.203 35.19l-131.4 120.4H184C258.1 208 320 269 320 344z\"><\/path><\/svg><\/div><\/div><\/div>\n<\/div>\n<\/div><\/div>\n\n\n\n<div class=\"wp-block-uagb-container uagb-block-5a9e7cda alignfull uagb-is-root-container\"><div class=\"uagb-container-inner-blocks-wrap\">\n<h2 class=\"wp-block-heading\">Projektziele<\/h2>\n\n\n\n<ul class=\"wp-block-list\">\n<li>Sammlung und Vermittlung neuer Ideen f\u00fcr den Nat\u00fcrlichen Klimaschutz<\/li>\n\n\n\n<li>Vernetzung von Erfahrungstr\u00e4gern und Schl\u00fcsselakteuren f\u00fcr die Umsetzung in der Region<\/li>\n\n\n\n<li>Initiierung von Pilotprojekten als Impulsgeber f\u00fcr mehr Klimaschutz, Biotopverbund und Wassermanagement<\/li>\n\n\n\n<li>Sichtbarmachung der Pilotprojekte f\u00fcr die allgemeine \u00d6ffentlichkeit zur Sensibilisierung und Motivation zur Nachahmung<\/li>\n<\/ul>\n<\/div><\/div>\n\n\n\n<h2 class=\"wp-block-heading\">Was ist Nat\u00fcrlicher Klimaschutz?<\/h2>\n\n\n\n<div class=\"wp-block-uagb-container uagb-block-4a5aba78 alignfull uagb-is-root-container\"><div class=\"uagb-container-inner-blocks-wrap\">\n<div class=\"wp-block-uagb-container uagb-block-726a4588\">\n<p>Nat\u00fcrlicher Klimaschutz bezeichnet die F\u00e4higkeit von nat\u00fcrlichen Prozessen und Ma\u00dfnahmen in der Umwelt, Treibhausgasemissionen zu reduzieren und Kohlenstoff zu speichern. Dazu geh\u00f6ren<\/p>\n\n\n\n<ul class=\"wp-block-list\">\n<li>die nat\u00fcrliche F\u00e4higkeit der Speicherung von Kohlenstoff in W\u00e4ldern, B\u00f6den und Ozeanen bzw. Gew\u00e4ssern oder naturnahen Gr\u00fcnfl\u00e4chen,<\/li>\n\n\n\n<li>die Bindung von Treibhausgasemissionen durch nat\u00fcrliche Prozesse wie Photosynthese oder<\/li>\n\n\n\n<li>die aktive F\u00f6rderung von nachhaltiger Landnutzung, die Erhaltung bzw. Wiederherstellung von \u00d6kosystemen und der Schutz von nat\u00fcrlichen Lebensr\u00e4umen, da intakte und gesunde \u00d6kosysteme eine bessere F\u00e4higkeit haben, Kohlenstoff zu speichern.<\/li>\n<\/ul>\n\n\n\n<p>Diese Ma\u00dfnahmen sind wichtig, um die negativen Auswirkungen des Klimawandels zu verlangsamen oder abzumildern. Sie wirken zudem als Puffer gegen Folgen der Klimakrise, indem sie Niederschl\u00e4ge besser aufnehmen und speichern \u2013 und somit einerseits vor Hochwasserereignissen sch\u00fctzen oder bei extremer Hitze durch Verdunstung des gespeicherten Wassers f\u00fcr Abk\u00fchlung sorgen. Letztlich erhalten sie unsere Lebensgrundlagen und bieten wichtige Lebensr\u00e4ume f\u00fcr Tiere und Pflanzen und sind Erholungs- und R\u00fcckzugsorte f\u00fcr Menschen.<\/p>\n\n\n\n<p>Somit stellt der Nat\u00fcrliche Klimaschutz einen Teilaspekt des Klimaschutzes dar. Der Klimaschutz umfasst alle Ma\u00dfnahmen und Strategien, die darauf abzielen, die menschlichen Aktivit\u00e4ten zu reduzieren oder zu verhindern, die zu einem Anstieg der Treibhausgasemissionen und damit zum Klimawandel f\u00fchren. Bspw. durch den Einsatz erneuerbarer Energien, die F\u00f6rderung von Energieeffizienz oder die F\u00f6rderung nachhaltiger Mobilit\u00e4t.<\/p>\n\n\n\n<p>Insgesamt arbeiten Klimaschutz und Nat\u00fcrlicher Klimaschutz oft Hand in Hand, da beide Ans\u00e4tze dazu beitragen, die Auswirkungen des Klimawandels zu verringern und eine nachhaltigere Zukunft zu schaffen.<\/p>\n<\/div>\n\n\n\n<div class=\"wp-block-uagb-container uagb-block-aeee3509\">\n<figure class=\"wp-block-image size-large\"><img loading=\"lazy\" decoding=\"async\" width=\"1024\" height=\"1024\" src=\"https:\/\/www.stoffstrom.org\/natuerlicher-klimaschutz\/wp-content\/uploads\/2024\/03\/nk_kurz-1024x1024.jpeg\" alt=\"\" class=\"wp-image-106\" srcset=\"https:\/\/www.stoffstrom.org\/natuerlicher-klimaschutz\/wp-content\/uploads\/2024\/03\/nk_kurz-1024x1024.jpeg 1024w, https:\/\/www.stoffstrom.org\/natuerlicher-klimaschutz\/wp-content\/uploads\/2024\/03\/nk_kurz-300x300.jpeg 300w, https:\/\/www.stoffstrom.org\/natuerlicher-klimaschutz\/wp-content\/uploads\/2024\/03\/nk_kurz-150x150.jpeg 150w, https:\/\/www.stoffstrom.org\/natuerlicher-klimaschutz\/wp-content\/uploads\/2024\/03\/nk_kurz-768x768.jpeg 768w, https:\/\/www.stoffstrom.org\/natuerlicher-klimaschutz\/wp-content\/uploads\/2024\/03\/nk_kurz.jpeg 1200w\" sizes=\"auto, (max-width: 1024px) 100vw, 1024px\" \/><\/figure>\n\n\n\n<iframe loading=\"lazy\" width=\"560\" height=\"315\" src=\"https:\/\/www.youtube-nocookie.com\/embed\/LjqQbu2MRqs?si=ABm-nTSX5nwzScab\" title=\"YouTube video player\" frameborder=\"0\" allow=\"accelerometer; autoplay; clipboard-write; encrypted-media; gyroscope; picture-in-picture; web-share\" referrerpolicy=\"strict-origin-when-cross-origin\" allowfullscreen><\/iframe>\n\n\n\n<p class=\"has-small-font-size\">Erkl\u00e4rfilm des Kompetenzzentrums Nat\u00fcrlicher Klimaschutz (KNK)<\/p>\n<\/div>\n<\/div><\/div>\n","protected":false},"excerpt":{"rendered":"<p>Herzlich willkommen auf der Internetpr\u00e4senz des Projektes&nbsp;Konferenz, Wettbewerb &amp; Coaching \u201eNat\u00fcrlicher Klimaschutz im Saarland und in Rheinland-Pfalz&#8222;. Nat\u00fcrlicher Klimaschutz ist [&hellip;]<\/p>\n","protected":false},"author":1,"featured_media":0,"parent":0,"menu_order":0,"comment_status":"closed","ping_status":"closed","template":"","meta":{"_uag_custom_page_level_css":"","site-sidebar-layout":"default","site-content-layout":"","ast-site-content-layout":"default","site-content-style":"default","site-sidebar-style":"default","ast-global-header-display":"","ast-banner-title-visibility":"","ast-main-header-display":"","ast-hfb-above-header-display":"","ast-hfb-below-header-display":"","ast-hfb-mobile-header-display":"","site-post-title":"disabled","ast-breadcrumbs-content":"","ast-featured-img":"","footer-sml-layout":"","ast-disable-related-posts":"","theme-transparent-header-meta":"","adv-header-id-meta":"","stick-header-meta":"","header-above-stick-meta":"","header-main-stick-meta":"","header-below-stick-meta":"","astra-migrate-meta-layouts":"default","ast-page-background-enabled":"default","ast-page-background-meta":{"desktop":{"background-color":"var(--ast-global-color-4)","background-image":"","background-repeat":"repeat","background-position":"center center","background-size":"auto","background-attachment":"scroll","background-type":"","background-media":"","overlay-type":"","overlay-color":"","overlay-opacity":"","overlay-gradient":""},"tablet":{"background-color":"","background-image":"","background-repeat":"repeat","background-position":"center center","background-size":"auto","background-attachment":"scroll","background-type":"","background-media":"","overlay-type":"","overlay-color":"","overlay-opacity":"","overlay-gradient":""},"mobile":{"background-color":"","background-image":"","background-repeat":"repeat","background-position":"center center","background-size":"auto","background-attachment":"scroll","background-type":"","background-media":"","overlay-type":"","overlay-color":"","overlay-opacity":"","overlay-gradient":""}},"ast-content-background-meta":{"desktop":{"background-color":"var(--ast-global-color-5)","background-image":"","background-repeat":"repeat","background-position":"center center","background-size":"auto","background-attachment":"scroll","background-type":"","background-media":"","overlay-type":"","overlay-color":"","overlay-opacity":"","overlay-gradient":""},"tablet":{"background-color":"var(--ast-global-color-5)","background-image":"","background-repeat":"repeat","background-position":"center center","background-size":"auto","background-attachment":"scroll","background-type":"","background-media":"","overlay-type":"","overlay-color":"","overlay-opacity":"","overlay-gradient":""},"mobile":{"background-color":"var(--ast-global-color-5)","background-image":"","background-repeat":"repeat","background-position":"center center","background-size":"auto","background-attachment":"scroll","background-type":"","background-media":"","overlay-type":"","overlay-color":"","overlay-opacity":"","overlay-gradient":""}},"footnotes":"[]"},"class_list":["post-7","page","type-page","status-publish","hentry"],"uagb_featured_image_src":{"full":false,"thumbnail":false,"medium":false,"medium_large":false,"large":false,"1536x1536":false,"2048x2048":false,"gform-image-choice-sm":false,"gform-image-choice-md":false,"gform-image-choice-lg":false},"uagb_author_info":{"display_name":"c.schoenemann","author_link":"https:\/\/www.stoffstrom.org\/natuerlicher-klimaschutz\/author\/c-schoenemann\/"},"uagb_comment_info":0,"uagb_excerpt":"Herzlich willkommen auf der Internetpr\u00e4senz des Projektes&nbsp;Konferenz, Wettbewerb &amp; Coaching \u201eNat\u00fcrlicher Klimaschutz im Saarland und in Rheinland-Pfalz&#8222;. Nat\u00fcrlicher Klimaschutz ist [&hellip;]","_links":{"self":[{"href":"https:\/\/www.stoffstrom.org\/natuerlicher-klimaschutz\/wp-json\/wp\/v2\/pages\/7","targetHints":{"allow":["GET"]}}],"collection":[{"href":"https:\/\/www.stoffstrom.org\/natuerlicher-klimaschutz\/wp-json\/wp\/v2\/pages"}],"about":[{"href":"https:\/\/www.stoffstrom.org\/natuerlicher-klimaschutz\/wp-json\/wp\/v2\/types\/page"}],"author":[{"embeddable":true,"href":"https:\/\/www.stoffstrom.org\/natuerlicher-klimaschutz\/wp-json\/wp\/v2\/users\/1"}],"replies":[{"embeddable":true,"href":"https:\/\/www.stoffstrom.org\/natuerlicher-klimaschutz\/wp-json\/wp\/v2\/comments?post=7"}],"version-history":[{"count":65,"href":"https:\/\/www.stoffstrom.org\/natuerlicher-klimaschutz\/wp-json\/wp\/v2\/pages\/7\/revisions"}],"predecessor-version":[{"id":486,"href":"https:\/\/www.stoffstrom.org\/natuerlicher-klimaschutz\/wp-json\/wp\/v2\/pages\/7\/revisions\/486"}],"wp:attachment":[{"href":"https:\/\/www.stoffstrom.org\/natuerlicher-klimaschutz\/wp-json\/wp\/v2\/media?parent=7"}],"curies":[{"name":"wp","href":"https:\/\/api.w.org\/{rel}","templated":true}]}}